{"id":351,"date":"2011-07-26T10:28:49","date_gmt":"2011-07-26T10:28:49","guid":{"rendered":"http:\/\/www.burgmusikanten.de\/?page_id=351"},"modified":"2026-02-02T16:09:34","modified_gmt":"2026-02-02T16:09:34","slug":"kontakt","status":"publish","type":"page","link":"https:\/\/www.burgmusikanten.de\/?page_id=351","title":{"rendered":"Kontakt"},"content":{"rendered":"<p>Sind Sie an einer Mitgliedschaft in unserem Verein interessiert oder<br \/>\nw\u00fcnschen Sie unsere musikalische Begleitung auf einer Veranstaltung (Hochzeit, Betriebsfeier, Sch\u00fctzenfest, Beerdigung etc.)?<br \/>\nDie folgenden Mitglieder stehen Ihnen bei Interesse und weiteren Fragen zur Verf\u00fcgung:<\/p>\n<h4><strong> 1. Vorsitzender<\/strong><\/h4>\n<address>Markus Franke<\/address>\n<address>Birngr\u00fctzer Str. 13<\/address>\n<address>33014 Bad Driburg &#8211; Dringenberg<\/address>\n<address>Tel.: 0176 63397587<\/address>\n<address>E-Mail: vorsitzender@burgmusikanten.de<\/address>\n<address>\u00a0<\/address>\n<h4><\/h4>\n<h4><strong>1. Schriftf\u00fchrerin\u00a0 \u00a0 \u00a0 \u00a0 \u00a0 \u00a0 \u00a0 \u00a0 \u00a0 \u00a0 \u00a0 \u00a0 \u00a0 \u00a0 \u00a0 \u00a0 \u00a0 \u00a0 \u00a0 \u00a0 \u00a0 \u00a0 \u00a0 \u00a0 \u00a0 \u00a0 \u00a0 \u00a0 \u00a0 \u00a0 \u00a0 \u00a0 \u00a0 \u00a0 \u00a0 \u00a0 \u00a0 \u00a0 \u00a0 \u00a0 \u00a0 \u00a0 \u00a0 \u00a0 \u00a0 \u00a0 \u00a0 \u00a0 \u00a0 \u00a0 \u00a0 \u00a0 \u00a0 \u00a0 \u00a0 \u00a0<\/strong><\/h4>\n<address>Nicola Auge<\/address>\n<address>Zum Seegrund 1<\/address>\n<address>33014 Bad Driburg &#8211; Dringenberg<\/address>\n<address>Tel.: 0160 99382143<\/address>\n<address>E-Mail: schriftfuehrer@burgmusikanten.de<\/address>\n<address>\u00a0<\/address>\n<h4><strong>Vorstand<\/strong><\/h4>\n<address>vorstand@burgmusikanten.de<\/address>\n","protected":false},"excerpt":{"rendered":"<p>Sind Sie an einer Mitgliedschaft in unserem Verein interessiert oder w\u00fcnschen Sie unsere musikalische Begleitung auf einer Veranstaltung (Hochzeit, Betriebsfeier, Sch\u00fctzenfest, Beerdigung etc.)? Die folgenden Mitglieder stehen Ihnen bei Interesse und weiteren Fragen zur Verf\u00fcgung: 1. Vorsitzender Markus Franke Birngr\u00fctzer &hellip; <a href=\"https:\/\/www.burgmusikanten.de\/?page_id=351\">Weiterlesen <span class=\"meta-nav\">&rarr;<\/span><\/a><\/p>\n","protected":false},"author":1,"featured_media":0,"parent":0,"menu_order":5,"comment_status":"closed","ping_status":"closed","template":"","meta":{"footnotes":""},"jetpack_sharing_enabled":true,"_links":{"self":[{"href":"https:\/\/www.burgmusikanten.de\/index.php?rest_route=\/wp\/v2\/pages\/351"}],"collection":[{"href":"https:\/\/www.burgmusikanten.de\/index.php?rest_route=\/wp\/v2\/pages"}],"about":[{"href":"https:\/\/www.burgmusikanten.de\/index.php?rest_route=\/wp\/v2\/types\/page"}],"author":[{"embeddable":true,"href":"https:\/\/www.burgmusikanten.de\/index.php?rest_route=\/wp\/v2\/users\/1"}],"replies":[{"embeddable":true,"href":"https:\/\/www.burgmusikanten.de\/index.php?rest_route=%2Fwp%2Fv2%2Fcomments&post=351"}],"version-history":[{"count":21,"href":"https:\/\/www.burgmusikanten.de\/index.php?rest_route=\/wp\/v2\/pages\/351\/revisions"}],"predecessor-version":[{"id":1437,"href":"https:\/\/www.burgmusikanten.de\/index.php?rest_route=\/wp\/v2\/pages\/351\/revisions\/1437"}],"wp:attachment":[{"href":"https:\/\/www.burgmusikanten.de\/index.php?rest_route=%2Fwp%2Fv2%2Fmedia&parent=351"}],"curies":[{"name":"wp","href":"https:\/\/api.w.org\/{rel}","templated":true}]}}